{"id":191,"date":"2023-05-03T13:42:39","date_gmt":"2023-05-03T13:42:39","guid":{"rendered":"https:\/\/paginaprovisional.globalconstruccion.com\/wordpress\/?page_id=191"},"modified":"2023-05-15T07:17:05","modified_gmt":"2023-05-15T07:17:05","slug":"politica-de-cookies","status":"publish","type":"page","link":"https:\/\/www.globalconstruccion.com\/en\/politica-de-cookies\/","title":{"rendered":"COOKIES POLICY"},"content":{"rendered":"<h3 class=\"wp-block-heading has-normal-font-size\">General information<\/h3>\n\n\n\n<p>Due to the entry into force of the aforementioned modification of the \"Information Society Services Law\" (LSSICE) established by Royal Decree 13\/2012, it is mandatory to obtain the express consent of the user of all web pages that use expendable cookies, before it navigates through them.<\/p>\n\n\n\n<div style=\"height:30px\" aria-hidden=\"true\" class=\"wp-block-spacer\"><\/div>\n\n\n\n<h4 class=\"wp-block-heading has-normal-font-size\">What are cookies?<\/h4>\n\n\n\n<p>Cookies and other similar technologies such as local shared objects, flash cookies or pixels, are tools used by Web servers to store and retrieve information about their visitors, as well as to offer a correct functioning of the site.<\/p>\n\n\n\n<p>Through the use of these devices, the Web server is allowed to remember some data concerning the user, such as their preferences for viewing the pages of that server, name and password, products of most interest for them, etc.<\/p>\n\n\n\n<div style=\"height:30px\" aria-hidden=\"true\" class=\"wp-block-spacer\"><\/div>\n\n\n\n<h4 class=\"wp-block-heading has-normal-font-size\">Cookies affected by the regulations and excepted cookies<\/h4>\n\n\n\n<p>According to the EU directive, the cookies that require the informed consent of the user are analytical cookies and advertising and affiliation cookies, excepting those of a technical nature and those necessary for the operation of the website or the provision of services expressly requested by the user.<\/p>\n\n\n\n<div style=\"height:30px\" aria-hidden=\"true\" class=\"wp-block-spacer\"><\/div>\n\n\n\n<h4 class=\"wp-block-heading has-normal-font-size\">What types of cookies exist?<\/h4>\n\n\n\n<h5 class=\"wp-block-heading has-small-font-size\">According to its ownership<\/h5>\n\n\n\n<ul class=\"wp-block-list\">\n<li><strong>Own cookies<\/strong>: They are those that are sent to the user's terminal equipment from a computer or domain managed by the publisher itself and from which the service requested by the user is provided.<\/li>\n\n\n\n<li><strong>Third party cookies<\/strong>: They are those that are sent to the user's terminal equipment from a computer or domain that is not managed by the editor, but by another entity that processes the data obtained through cookies.<\/li>\n<\/ul>\n\n\n\n<h5 class=\"wp-block-heading has-small-font-size\">According to its duration<\/h5>\n\n\n\n<ul class=\"wp-block-list\">\n<li><strong>Session cookies:<\/strong>&nbsp;They are a type of cookies designed to collect and store data while the user accesses a web page.<\/li>\n\n\n\n<li><strong>Persistent cookies<\/strong>: They are a type of cookies in which the data is still stored in the terminal and can be accessed and processed during a period defined by the person responsible for the cookie, which can range from a few minutes to several years.<\/li>\n<\/ul>\n\n\n\n<h5 class=\"wp-block-heading has-small-font-size\">According to its functionality<\/h5>\n\n\n\n<ul class=\"wp-block-list\">\n<li><strong>Necessary cookies<\/strong>: They are essential for the proper functioning of the website. They do not collect any type of user data and collect information such as language preference, whether the cookie policy has been accepted, etc.<\/li>\n\n\n\n<li><strong>Analysis cookies<\/strong>: They are that, either treated by us or by third parties, allow us to quantify the number of users and thus carry out the measurement and statistical analysis of the use made by users of the service offered. To do this, your browsing on our website is analyzed in order to improve the offer of products or services that we offer you.<\/li>\n\n\n\n<li><strong>Advertising or marketing cookies<\/strong>: They are those that allow the management, in the most efficient way possible, of the advertising spaces that, where appropriate, the editor has included in a web page, application or platform from which the requested service is provided based on criteria such as the edited content or the frequency at which ads are displayed.<\/li>\n\n\n\n<li><strong>Behavioral advertising or personalized marketing cookies<\/strong>: They are those that allow the management, in the most efficient way possible, of the advertising spaces that, where appropriate, the editor has included in a web page, application or platform from which the requested service is provided. These cookies store information on the behaviour of users obtained through the continuous observation of their browsing habits, which allows the development of a specific profile to display advertising based on it. It is also possible that when visiting a web page or when opening an email where an advertisement or promotion about our products or services is published, a cookie is installed in your browser that helps us to show you later advertising related to the search you have carried out, develop a control of our advertisements in relation, for example, to the number of times they are seen, where they appear, at what time they are seen, etc.<\/li>\n<\/ul>\n\n\n\n<div style=\"height:30px\" aria-hidden=\"true\" class=\"wp-block-spacer\"><\/div>\n\n\n\n<h3 class=\"wp-block-heading has-normal-font-size\">Cookie Statement<\/h3>\n\n\n\n<figure class=\"wp-block-table\"><table><thead><tr><th><strong>Cookie<\/strong><\/th><th><strong>Proprietary<\/strong><\/th><th><strong>Duration<\/strong><\/th><th><strong>Purpose<\/strong><\/th><th><strong>Type<\/strong><\/th><\/tr><\/thead><tbody><tr><td><em>Cookie name<\/em><\/td><td><em>www.dominio.com<\/em><\/td><td><em>X horas<\/em><\/td><td><em>Purpose of this cookie<\/em><\/td><td><em>Type<\/em><\/td><\/tr><\/tbody><\/table><\/figure>\n\n\n\n<div style=\"height:30px\" aria-hidden=\"true\" class=\"wp-block-spacer\"><\/div>\n\n\n\n<h2 class=\"wp-block-heading has-normal-font-size\">Revocation of consent to install Cookies<\/h2>\n\n\n\n<p><code><s>Explica en este apartado c\u00f3mo\u00a0 pueden los usuarios retirar o modificar su consentimiento para el uso de cookies.<\/s><\/code><\/p>\n\n\n\n<div style=\"height:30px\" aria-hidden=\"true\" class=\"wp-block-spacer\"><\/div>\n\n\n\n<h4 class=\"wp-block-heading has-normal-font-size\">How to remove Cookies from the browser.<\/h4>\n\n\n\n<ul class=\"wp-block-list\">\n<li><strong>Chrome<\/strong>:&nbsp;<a href=\"https:\/\/support.google.com\/chrome\/answer\/95647\" target=\"_blank\" rel=\"noreferrer noopener\">https:\/\/support.google.com\/chrome\/answer\/95647<\/a><\/li>\n\n\n\n<li><strong>Internet Explorer<\/strong>:&nbsp;<a href=\"https:\/\/support.microsoft.com\/es-es\/help\/17442\/windows-internet-explorer-delete-manage-cookies\" target=\"_blank\" rel=\"noreferrer noopener\">https:\/\/support.microsoft.com\/es-es\/help\/17442\/windows-internet-explorer-delete-manage-cookies<\/a><\/li>\n\n\n\n<li><strong>Firefox<\/strong>:&nbsp;<a href=\"https:\/\/support.mozilla.org\/es\/kb\/habilitar-y-deshabilitar-cookies-sitios-web-rastrear-preferencias\" target=\"_blank\" rel=\"noreferrer noopener\">https:\/\/support.mozilla.org\/es\/kb\/habilitar-y-deshabilitar-cookies-sitios-web-rastrear-preferencias<\/a><\/li>\n\n\n\n<li><strong>Safari<\/strong>:&nbsp;<a href=\"https:\/\/support.apple.com\/es-es\/guide\/safari\/sfri11471\/mac\" target=\"_blank\" rel=\"noreferrer noopener\">https:\/\/support.apple.com\/es-es\/guide\/safari\/sfri11471\/mac<\/a><\/li>\n\n\n\n<li><strong>Opera<\/strong>:&nbsp;<a href=\"https:\/\/www.opera.com\/help\/tutorials\/security\/privacy\/\" target=\"_blank\" rel=\"noreferrer noopener\">https:\/\/www.opera.com\/help\/tutorials\/security\/privacy\/<\/a><\/li>\n<\/ul>\n\n\n\n<p>If it does not appear listed, consult the documentation of the browser you have installed to block, eliminate or allow the download of Cookies<\/p>","protected":false},"excerpt":{"rendered":"<p>Informaci\u00f3n general Debido a la entrada en vigor de la referente modificaci\u00f3n de la \u201cLey de Servicios de la Sociedad de la Informaci\u00f3n\u201d (LSSICE) establecida por el Real Decreto 13\/2012, es de obligaci\u00f3n obtener el consentimiento expreso del usuario de todas las p\u00e1ginas web que usan cookies prescindibles, antes de que \u00e9ste navegue por ellas. \u00bfQu\u00e9 son las cookies? Las cookies y otras tecnolog\u00edas similares tales como local shared objects, flash cookies o p\u00edxeles, son herramientas empleadas por los servidores Web para almacenar y recuperar informaci\u00f3n acerca de sus visitantes, as\u00ed como para ofrecer un correcto funcionamiento del sitio. Mediante<\/p>","protected":false},"author":1,"featured_media":0,"parent":0,"menu_order":0,"comment_status":"closed","ping_status":"closed","template":"","meta":{"footnotes":""},"class_list":["post-191","page","type-page","status-publish","hentry"],"_links":{"self":[{"href":"https:\/\/www.globalconstruccion.com\/en\/wp-json\/wp\/v2\/pages\/191","targetHints":{"allow":["GET"]}}],"collection":[{"href":"https:\/\/www.globalconstruccion.com\/en\/wp-json\/wp\/v2\/pages"}],"about":[{"href":"https:\/\/www.globalconstruccion.com\/en\/wp-json\/wp\/v2\/types\/page"}],"author":[{"embeddable":true,"href":"https:\/\/www.globalconstruccion.com\/en\/wp-json\/wp\/v2\/users\/1"}],"replies":[{"embeddable":true,"href":"https:\/\/www.globalconstruccion.com\/en\/wp-json\/wp\/v2\/comments?post=191"}],"version-history":[{"count":0,"href":"https:\/\/www.globalconstruccion.com\/en\/wp-json\/wp\/v2\/pages\/191\/revisions"}],"wp:attachment":[{"href":"https:\/\/www.globalconstruccion.com\/en\/wp-json\/wp\/v2\/media?parent=191"}],"curies":[{"name":"wp","href":"https:\/\/api.w.org\/{rel}","templated":true}]}}