{"id":146,"date":"2023-05-02T11:25:29","date_gmt":"2023-05-02T11:25:29","guid":{"rendered":"https:\/\/paginaprovisional.globalconstruccion.com\/wordpress\/?page_id=146"},"modified":"2025-02-27T00:08:25","modified_gmt":"2025-02-27T00:08:25","slug":"proyectos-en-benalmadena","status":"publish","type":"page","link":"https:\/\/www.globalconstruccion.com\/en\/proyectos-en-benalmadena\/","title":{"rendered":"PROJECTS IN BENALM\u00c1DENA"},"content":{"rendered":"<p class=\"has-text-align-center\">Aqu\u00ed podr\u00e1n ver fotos de las reformas realizadas. Hemos estado trabajando duro para recopilar las fotos m\u00e1s representativas y de alta calidad. En estas fotos podr\u00e1n ver ejemplos de nuestro trabajo y c\u00f3mo hemos transformado espacios comunes en hogares acogedores. Esperamos que les inspiren y les permitan ver la calidad y el cuidado que ponemos en cada proyecto. Para aquellos que desean profundizar en el an\u00e1lisis y la documentaci\u00f3n t\u00e9cnica en el \u00e1mbito de la arquitectura y las reformas, explorar una bien estructurada <a style=\"color: inherit; text-decoration: none; font-weight: normal;\" href=\"https:\/\/bachelorarbeit-schreiben-lassen.com\/doktorarbeit-schreiben-lassen\/\">doktorarbeit schreiben lassen<\/a> puede proporcionar valiosos conocimientos sobre planificaci\u00f3n, dise\u00f1o y gesti\u00f3n de proyectos.<\/p>\n\n\n\n<div style=\"height:100px\" aria-hidden=\"true\" class=\"wp-block-spacer\"><\/div>\n\n\n\n<p class=\"has-text-align-center\" style=\"font-size:31px;font-style:normal;font-weight:900;text-decoration:underline\">APARTAMENTO<\/p>\n\n\n\n<div class=\"wp-block-columns is-layout-flex wp-container-core-columns-is-layout-28f84493 wp-block-columns-is-layout-flex\">\n<div class=\"wp-block-column is-layout-flow wp-block-column-is-layout-flow\">\n<figure class=\"wp-block-image size-full is-resized\"><img loading=\"lazy\" decoding=\"async\" width=\"768\" height=\"1024\" src=\"https:\/\/www.globalconstruccion.com\/wp-content\/uploads\/2023\/06\/IMG-20230120-WA0006.jpg\" alt=\"\" class=\"wp-image-637\" style=\"width:576px;height:768px\" srcset=\"https:\/\/www.globalconstruccion.com\/wp-content\/uploads\/2023\/06\/IMG-20230120-WA0006.jpg 768w, https:\/\/www.globalconstruccion.com\/wp-content\/uploads\/2023\/06\/IMG-20230120-WA0006-225x300.jpg 225w, https:\/\/www.globalconstruccion.com\/wp-content\/uploads\/2023\/06\/IMG-20230120-WA0006-9x12.jpg 9w\" sizes=\"auto, (max-width: 768px) 100vw, 768px\" \/><\/figure>\n<\/div>\n\n\n\n<div class=\"wp-block-column is-layout-flow wp-block-column-is-layout-flow\">\n<figure class=\"wp-block-image size-full is-resized\"><img loading=\"lazy\" decoding=\"async\" width=\"768\" height=\"1024\" src=\"https:\/\/www.globalconstruccion.com\/wp-content\/uploads\/2023\/06\/IMG-20230524-WA0011.jpg\" alt=\"\" class=\"wp-image-636\" style=\"width:576px;height:768px\" srcset=\"https:\/\/www.globalconstruccion.com\/wp-content\/uploads\/2023\/06\/IMG-20230524-WA0011.jpg 768w, https:\/\/www.globalconstruccion.com\/wp-content\/uploads\/2023\/06\/IMG-20230524-WA0011-225x300.jpg 225w, https:\/\/www.globalconstruccion.com\/wp-content\/uploads\/2023\/06\/IMG-20230524-WA0011-9x12.jpg 9w\" sizes=\"auto, (max-width: 768px) 100vw, 768px\" \/><\/figure>\n<\/div>\n<\/div>","protected":false},"excerpt":{"rendered":"<p>Aqu\u00ed podr\u00e1n ver fotos de las reformas realizadas. Hemos estado trabajando duro para recopilar las fotos m\u00e1s representativas y de alta calidad. En estas fotos podr\u00e1n ver ejemplos de nuestro trabajo y c\u00f3mo hemos transformado espacios comunes en hogares acogedores. Esperamos que les inspiren y les permitan ver la calidad y el cuidado que ponemos en cada proyecto. Para aquellos que desean profundizar en el an\u00e1lisis y la documentaci\u00f3n t\u00e9cnica en el \u00e1mbito de la arquitectura y las reformas, explorar una bien estructurada doktorarbeit schreiben lassen puede proporcionar valiosos conocimientos sobre planificaci\u00f3n, dise\u00f1o y gesti\u00f3n de proyectos. APARTAMENTO<\/p>","protected":false},"author":1,"featured_media":0,"parent":0,"menu_order":0,"comment_status":"closed","ping_status":"closed","template":"","meta":{"footnotes":""},"class_list":["post-146","page","type-page","status-publish","hentry"],"_links":{"self":[{"href":"https:\/\/www.globalconstruccion.com\/en\/wp-json\/wp\/v2\/pages\/146","targetHints":{"allow":["GET"]}}],"collection":[{"href":"https:\/\/www.globalconstruccion.com\/en\/wp-json\/wp\/v2\/pages"}],"about":[{"href":"https:\/\/www.globalconstruccion.com\/en\/wp-json\/wp\/v2\/types\/page"}],"author":[{"embeddable":true,"href":"https:\/\/www.globalconstruccion.com\/en\/wp-json\/wp\/v2\/users\/1"}],"replies":[{"embeddable":true,"href":"https:\/\/www.globalconstruccion.com\/en\/wp-json\/wp\/v2\/comments?post=146"}],"version-history":[{"count":0,"href":"https:\/\/www.globalconstruccion.com\/en\/wp-json\/wp\/v2\/pages\/146\/revisions"}],"wp:attachment":[{"href":"https:\/\/www.globalconstruccion.com\/en\/wp-json\/wp\/v2\/media?parent=146"}],"curies":[{"name":"wp","href":"https:\/\/api.w.org\/{rel}","templated":true}]}}